{"id":977,"date":"2024-04-13T13:26:54","date_gmt":"2024-04-13T11:26:54","guid":{"rendered":"https:\/\/schroeven.sierinkwp.nl\/propeller-fuer-die-freizeit-und-berufsschifffahrt\/"},"modified":"2024-07-22T13:46:58","modified_gmt":"2024-07-22T11:46:58","slug":"propeller-fuer-die-freizeit-und-berufsschifffahrt","status":"publish","type":"page","link":"https:\/\/kramerschroeven.nl\/de\/propeller-fuer-die-freizeit-und-berufsschifffahrt\/","title":{"rendered":"Propeller f\u00fcr die Freizeit- und Berufsschifffahrt"},"content":{"rendered":"\t\t<div data-elementor-type=\"wp-page\" data-elementor-id=\"977\" class=\"elementor elementor-977 elementor-681\" data-elementor-post-type=\"page\">\n\t\t\t\t<div class=\"elementor-element elementor-element-f6c0619 e-flex e-con-boxed e-con e-parent\" data-id=\"f6c0619\" data-element_type=\"container\" data-e-type=\"container\" data-settings=\"{&quot;background_background&quot;:&quot;classic&quot;}\">\n\t\t\t\t\t<div class=\"e-con-inner\">\n\t\t<div class=\"elementor-element elementor-element-a5204ce e-con-full e-flex e-con e-child\" data-id=\"a5204ce\" data-element_type=\"container\" data-e-type=\"container\">\n\t\t\t\t<div class=\"elementor-element elementor-element-e6dbdb7 elementor-widget-divider--view-line elementor-widget elementor-widget-divider\" data-id=\"e6dbdb7\" data-element_type=\"widget\" data-e-type=\"widget\" data-widget_type=\"divider.default\">\n\t\t\t\t\t\t\t<div class=\"elementor-divider\">\n\t\t\t<span class=\"elementor-divider-separator\">\n\t\t\t\t\t\t<\/span>\n\t\t<\/div>\n\t\t\t\t\t\t<\/div>\n\t\t\t\t<\/div>\n\t\t\t\t\t<\/div>\n\t\t\t\t<\/div>\n\t\t<div class=\"elementor-element elementor-element-1258057 elementor-hidden-desktop elementor-hidden-tablet elementor-hidden-mobile e-flex e-con-boxed e-con e-parent\" data-id=\"1258057\" data-element_type=\"container\" data-e-type=\"container\">\n\t\t\t\t\t<div class=\"e-con-inner\">\n\t\t<div class=\"elementor-element elementor-element-075caab e-con-full e-flex e-con e-child\" data-id=\"075caab\" data-element_type=\"container\" data-e-type=\"container\">\n\t\t\t\t<\/div>\n\t\t<div class=\"elementor-element elementor-element-c7b1aba e-con-full e-flex e-con e-child\" data-id=\"c7b1aba\" data-element_type=\"container\" data-e-type=\"container\">\n\t\t<div class=\"elementor-element elementor-element-82a3ca8 e-con-full e-flex e-con e-child\" data-id=\"82a3ca8\" data-element_type=\"container\" data-e-type=\"container\" data-settings=\"{&quot;background_background&quot;:&quot;classic&quot;}\">\n\t\t\t\t<div class=\"elementor-element elementor-element-bd65bdf elementor-widget elementor-widget-heading\" data-id=\"bd65bdf\" data-element_type=\"widget\" data-e-type=\"widget\" data-widget_type=\"heading.default\">\n\t\t\t\t\t<h4 class=\"elementor-heading-title elementor-size-default\">Haverstraat 69, Nieuw Vennep<\/h4>\t\t\t\t<\/div>\n\t\t\t\t<div class=\"elementor-element elementor-element-6a42e4a elementor-widget elementor-widget-heading\" data-id=\"6a42e4a\" data-element_type=\"widget\" data-e-type=\"widget\" data-widget_type=\"heading.default\">\n\t\t\t\t\t<h3 class=\"elementor-heading-title elementor-size-default\"><a href=\"tel:+31252684898\">+31(0)252-684898<\/a><\/h3>\t\t\t\t<\/div>\n\t\t\t\t<\/div>\n\t\t\t\t<\/div>\n\t\t\t\t\t<\/div>\n\t\t\t\t<\/div>\n\t\t<div class=\"elementor-element elementor-element-fc0f921 e-flex e-con-boxed e-con e-parent\" data-id=\"fc0f921\" data-element_type=\"container\" data-e-type=\"container\">\n\t\t\t\t\t<div class=\"e-con-inner\">\n\t\t<div class=\"elementor-element elementor-element-bb8271b e-con-full e-flex e-con e-child\" data-id=\"bb8271b\" data-element_type=\"container\" data-e-type=\"container\">\n\t\t\t\t<div class=\"elementor-element elementor-element-189e82b elementor-widget elementor-widget-heading\" data-id=\"189e82b\" data-element_type=\"widget\" data-e-type=\"widget\" data-widget_type=\"heading.default\">\n\t\t\t\t\t<h3 class=\"elementor-heading-title elementor-size-default\">Neue Schiffspropeller<\/h3>\t\t\t\t<\/div>\n\t\t\t\t<div class=\"elementor-element elementor-element-14f0fe3 elementor-widget elementor-widget-text-editor\" data-id=\"14f0fe3\" data-element_type=\"widget\" data-e-type=\"widget\" data-widget_type=\"text-editor.default\">\n\t\t\t\t\t\t\t\t\t<p>Kramer Marine Propellers liefert hochwertige Propeller in allen Gr\u00f6\u00dfen und Materialien.  <span style=\"font-style: inherit; font-weight: inherit; color: var( --e-global-color-astglobalcolor3 ); background-color: var(--ast-global-color-4);\">Anhand der technischen Daten k\u00f6nnen wir f\u00fcr Sie <a href=\"https:\/\/kramerschroeven.nl\/de\/berechnung-der-schrauben\/\">berechnen<\/a>, welche Schraube am besten geeignet ist. Hier k\u00f6nnen Sie aus unserem Angebot an Standardschrauben w\u00e4hlen. Bei Bedarf kann auch eine ma\u00dfgeschneiderte Schraube geliefert werden.<\/span><\/p>\n<p>H\u00e4ufig verwendete Materialien sind Manganbronze (MnBr) oder Nickel-Aluminium-Bronze (NiBrAl). NiBrAl-Schnecken werden meist bei h\u00f6heren Motorleistungen und\/oder korrosiven Bedingungen eingesetzt.<\/p>\n<p>Alle unsere Schrauben werden von uns vor der Auslieferung gepr\u00fcft, neu gewuchtet und mit doppelten Antirutschkanten versehen.<\/p>\n\t\t\t\t\t\t\t\t<\/div>\n\t\t<div class=\"elementor-element elementor-element-b7be93a e-flex e-con-boxed e-con e-child\" data-id=\"b7be93a\" data-element_type=\"container\" data-e-type=\"container\">\n\t\t\t\t\t<div class=\"e-con-inner\">\n\t\t\t\t<div class=\"elementor-element elementor-element-6cba72b elementor-widget elementor-widget-image\" data-id=\"6cba72b\" data-element_type=\"widget\" data-e-type=\"widget\" data-widget_type=\"image.default\">\n\t\t\t\t\t\t\t\t\t\t\t\t\t\t\t\t<a href=\"https:\/\/kramerschroeven.nl\/wp-content\/uploads\/2024\/04\/1576931_orig.jpg\" data-elementor-open-lightbox=\"yes\" data-elementor-lightbox-title=\"1576931_orig\" data-e-action-hash=\"#elementor-action%3Aaction%3Dlightbox%26settings%3DeyJpZCI6OTY2LCJ1cmwiOiJodHRwczpcL1wva3JhbWVyc2Nocm9ldmVuLm5sXC93cC1jb250ZW50XC91cGxvYWRzXC8yMDI0XC8wNFwvMTU3NjkzMV9vcmlnLmpwZyJ9\">\n\t\t\t\t\t\t\t<img fetchpriority=\"high\" decoding=\"async\" width=\"350\" height=\"334\" src=\"https:\/\/kramerschroeven.nl\/wp-content\/uploads\/2024\/04\/1576931_orig-350x334.jpg\" class=\"attachment-medium size-medium wp-image-966\" alt=\"\" srcset=\"https:\/\/kramerschroeven.nl\/wp-content\/uploads\/2024\/04\/1576931_orig-350x334.jpg 350w, https:\/\/kramerschroeven.nl\/wp-content\/uploads\/2024\/04\/1576931_orig-600x573.jpg 600w, https:\/\/kramerschroeven.nl\/wp-content\/uploads\/2024\/04\/1576931_orig.jpg 625w\" sizes=\"(max-width: 350px) 100vw, 350px\" \/>\t\t\t\t\t\t\t\t<\/a>\n\t\t\t\t\t\t\t\t\t\t\t\t\t\t\t<\/div>\n\t\t\t\t<div class=\"elementor-element elementor-element-23c7a10 elementor-widget__width-initial elementor-widget elementor-widget-image\" data-id=\"23c7a10\" data-element_type=\"widget\" data-e-type=\"widget\" data-widget_type=\"image.default\">\n\t\t\t\t\t\t\t\t\t\t\t\t\t\t\t\t<a href=\"https:\/\/www.nakashima.co.jp\/eng\/\" target=\"_blank\">\n\t\t\t\t\t\t\t<img decoding=\"async\" width=\"192\" height=\"62\" src=\"https:\/\/kramerschroeven.nl\/wp-content\/uploads\/2024\/04\/1089960.jpg\" class=\"attachment-medium_large size-medium_large wp-image-969\" alt=\"\" \/>\t\t\t\t\t\t\t\t<\/a>\n\t\t\t\t\t\t\t\t\t\t\t\t\t\t\t<\/div>\n\t\t\t\t\t<\/div>\n\t\t\t\t<\/div>\n\t\t\t\t<div class=\"elementor-element elementor-element-0f31df4 elementor-widget elementor-widget-text-editor\" data-id=\"0f31df4\" data-element_type=\"widget\" data-e-type=\"widget\" data-widget_type=\"text-editor.default\">\n\t\t\t\t\t\t\t\t\t<p>Kramer Ship Propellers liefert unter jedem Material und Keur. Sowohl Festpropeller, D\u00fcsenpropeller als auch Verstellpropeller f\u00fcr Freizeit- und Handelsschiffe. Kurzum: Propeller, die auf Ihr Schiff zugeschnitten sind.<\/p>\n\t\t\t\t\t\t\t\t<\/div>\n\t\t\t\t<\/div>\n\t\t\t\t\t<\/div>\n\t\t\t\t<\/div>\n\t\t\t\t<\/div>\n\t\t","protected":false},"excerpt":{"rendered":"<p>Haverstraat 69, Nieuw Vennep +31(0)252-684898 Neue Schiffspropeller Kramer Marine Propellers liefert hochwertige Propeller in allen Gr\u00f6\u00dfen und Materialien. Anhand der technischen Daten k\u00f6nnen wir f\u00fcr Sie berechnen, welche Schraube am besten geeignet ist. Hier k\u00f6nnen Sie aus unserem Angebot an Standardschrauben w\u00e4hlen. Bei Bedarf kann auch eine ma\u00dfgeschneiderte Schraube geliefert werden. H\u00e4ufig verwendete Materialien sind [&hellip;]<\/p>\n","protected":false},"author":1,"featured_media":0,"parent":0,"menu_order":0,"comment_status":"closed","ping_status":"closed","template":"","meta":{"_seopress_robots_primary_cat":"","_seopress_titles_title":"","_seopress_titles_desc":"","_seopress_robots_index":"","site-sidebar-layout":"no-sidebar","site-content-layout":"page-builder","ast-site-content-layout":"full-width-container","site-content-style":"default","site-sidebar-style":"default","ast-global-header-display":"","ast-banner-title-visibility":"","ast-main-header-display":"","ast-hfb-above-header-display":"","ast-hfb-below-header-display":"","ast-hfb-mobile-header-display":"","site-post-title":"disabled","ast-breadcrumbs-content":"","ast-featured-img":"disabled","footer-sml-layout":"","ast-disable-related-posts":"","theme-transparent-header-meta":"","adv-header-id-meta":"","stick-header-meta":"","header-above-stick-meta":"","header-main-stick-meta":"","header-below-stick-meta":"","astra-migrate-meta-layouts":"default","ast-page-background-enabled":"default","ast-page-background-meta":{"desktop":{"background-color":"","background-image":"","background-repeat":"repeat","background-position":"center center","background-size":"auto","background-attachment":"scroll","background-type":"","background-media":"","overlay-type":"","overlay-color":"","overlay-opacity":"","overlay-gradient":""},"tablet":{"background-color":"","background-image":"","background-repeat":"repeat","background-position":"center center","background-size":"auto","background-attachment":"scroll","background-type":"","background-media":"","overlay-type":"","overlay-color":"","overlay-opacity":"","overlay-gradient":""},"mobile":{"background-color":"","background-image":"","background-repeat":"repeat","background-position":"center center","background-size":"auto","background-attachment":"scroll","background-type":"","background-media":"","overlay-type":"","overlay-color":"","overlay-opacity":"","overlay-gradient":""}},"ast-content-background-meta":{"desktop":{"background-color":"var(--ast-global-color-4)","background-image":"","background-repeat":"repeat","background-position":"center center","background-size":"auto","background-attachment":"scroll","background-type":"","background-media":"","overlay-type":"","overlay-color":"","overlay-opacity":"","overlay-gradient":""},"tablet":{"background-color":"var(--ast-global-color-4)","background-image":"","background-repeat":"repeat","background-position":"center center","background-size":"auto","background-attachment":"scroll","background-type":"","background-media":"","overlay-type":"","overlay-color":"","overlay-opacity":"","overlay-gradient":""},"mobile":{"background-color":"var(--ast-global-color-4)","background-image":"","background-repeat":"repeat","background-position":"center center","background-size":"auto","background-attachment":"scroll","background-type":"","background-media":"","overlay-type":"","overlay-color":"","overlay-opacity":"","overlay-gradient":""}},"footnotes":""},"class_list":["post-977","page","type-page","status-publish","hentry"],"_links":{"self":[{"href":"https:\/\/kramerschroeven.nl\/de\/wp-json\/wp\/v2\/pages\/977","targetHints":{"allow":["GET"]}}],"collection":[{"href":"https:\/\/kramerschroeven.nl\/de\/wp-json\/wp\/v2\/pages"}],"about":[{"href":"https:\/\/kramerschroeven.nl\/de\/wp-json\/wp\/v2\/types\/page"}],"author":[{"embeddable":true,"href":"https:\/\/kramerschroeven.nl\/de\/wp-json\/wp\/v2\/users\/1"}],"replies":[{"embeddable":true,"href":"https:\/\/kramerschroeven.nl\/de\/wp-json\/wp\/v2\/comments?post=977"}],"version-history":[{"count":0,"href":"https:\/\/kramerschroeven.nl\/de\/wp-json\/wp\/v2\/pages\/977\/revisions"}],"wp:attachment":[{"href":"https:\/\/kramerschroeven.nl\/de\/wp-json\/wp\/v2\/media?parent=977"}],"curies":[{"name":"wp","href":"https:\/\/api.w.org\/{rel}","templated":true}]}}