{"id":984,"date":"2019-04-08T19:20:32","date_gmt":"2019-04-08T17:20:32","guid":{"rendered":"https:\/\/schroeven.sierinkwp.nl\/reparatur-von-schiffspropellern\/"},"modified":"2024-07-22T13:51:42","modified_gmt":"2024-07-22T11:51:42","slug":"reparatur-von-schiffspropellern","status":"publish","type":"page","link":"https:\/\/kramerschroeven.nl\/de\/reparatur-von-schiffspropellern\/","title":{"rendered":"Reparatur von Schiffspropellern"},"content":{"rendered":"\t\t<div data-elementor-type=\"wp-post\" data-elementor-id=\"984\" class=\"elementor elementor-984 elementor-8\" data-elementor-post-type=\"page\">\n\t\t\t\t<div class=\"elementor-element elementor-element-fc2c48e e-flex e-con-boxed e-con e-parent\" data-id=\"fc2c48e\" data-element_type=\"container\" data-e-type=\"container\" data-settings=\"{&quot;background_background&quot;:&quot;classic&quot;}\">\n\t\t\t\t\t<div class=\"e-con-inner\">\n\t\t<div class=\"elementor-element elementor-element-731ecc9 e-con-full e-flex e-con e-child\" data-id=\"731ecc9\" data-element_type=\"container\" data-e-type=\"container\">\n\t\t\t\t<div class=\"elementor-element elementor-element-1f8bb06 elementor-widget-divider--view-line elementor-widget elementor-widget-divider\" data-id=\"1f8bb06\" data-element_type=\"widget\" data-e-type=\"widget\" data-widget_type=\"divider.default\">\n\t\t\t\t\t\t\t<div class=\"elementor-divider\">\n\t\t\t<span class=\"elementor-divider-separator\">\n\t\t\t\t\t\t<\/span>\n\t\t<\/div>\n\t\t\t\t\t\t<\/div>\n\t\t\t\t<\/div>\n\t\t\t\t\t<\/div>\n\t\t\t\t<\/div>\n\t\t<div class=\"elementor-element elementor-element-8e4a30b elementor-hidden-desktop elementor-hidden-tablet elementor-hidden-mobile e-flex e-con-boxed e-con e-parent\" data-id=\"8e4a30b\" data-element_type=\"container\" data-e-type=\"container\">\n\t\t\t\t\t<div class=\"e-con-inner\">\n\t\t<div class=\"elementor-element elementor-element-bad7a14 e-con-full e-flex e-con e-child\" data-id=\"bad7a14\" data-element_type=\"container\" data-e-type=\"container\">\n\t\t\t\t<\/div>\n\t\t<div class=\"elementor-element elementor-element-903fc54 e-con-full e-flex e-con e-child\" data-id=\"903fc54\" data-element_type=\"container\" data-e-type=\"container\">\n\t\t<div class=\"elementor-element elementor-element-371bc83 e-con-full e-flex e-con e-child\" data-id=\"371bc83\" data-element_type=\"container\" data-e-type=\"container\" data-settings=\"{&quot;background_background&quot;:&quot;classic&quot;}\">\n\t\t\t\t<div class=\"elementor-element elementor-element-2345ab0 elementor-widget elementor-widget-heading\" data-id=\"2345ab0\" data-element_type=\"widget\" data-e-type=\"widget\" data-widget_type=\"heading.default\">\n\t\t\t\t\t<h4 class=\"elementor-heading-title elementor-size-default\">Haverstraat 69, Nieuw Vennep<\/h4>\t\t\t\t<\/div>\n\t\t\t\t<div class=\"elementor-element elementor-element-f57915c elementor-widget elementor-widget-heading\" data-id=\"f57915c\" data-element_type=\"widget\" data-e-type=\"widget\" data-widget_type=\"heading.default\">\n\t\t\t\t\t<h3 class=\"elementor-heading-title elementor-size-default\"><a href=\"tel:+31252684898\">+31(0)252-684898<\/a><\/h3>\t\t\t\t<\/div>\n\t\t\t\t<\/div>\n\t\t\t\t<\/div>\n\t\t\t\t\t<\/div>\n\t\t\t\t<\/div>\n\t\t<div class=\"elementor-element elementor-element-50d8d0f e-flex e-con-boxed e-con e-parent\" data-id=\"50d8d0f\" data-element_type=\"container\" data-e-type=\"container\">\n\t\t\t\t\t<div class=\"e-con-inner\">\n\t\t<div class=\"elementor-element elementor-element-3cac546 e-con-full e-flex e-con e-child\" data-id=\"3cac546\" data-element_type=\"container\" data-e-type=\"container\">\n\t\t\t\t<div class=\"elementor-element elementor-element-ffea0d1 elementor-widget elementor-widget-heading\" data-id=\"ffea0d1\" data-element_type=\"widget\" data-e-type=\"widget\" data-widget_type=\"heading.default\">\n\t\t\t\t\t<h3 class=\"elementor-heading-title elementor-size-default\">Propellerreparatur f\u00fcr Freizeit- und Handelsschiffe<\/h3>\t\t\t\t<\/div>\n\t\t\t\t<div class=\"elementor-element elementor-element-54173c0 elementor-widget elementor-widget-text-editor\" data-id=\"54173c0\" data-element_type=\"widget\" data-e-type=\"widget\" data-widget_type=\"text-editor.default\">\n\t\t\t\t\t\t\t\t\t<p>Kramer Marine Propellers ist auf die Reparatur, den Umbau und den Verkauf aller Arten von Schiffspropellern f\u00fcr Freizeit- und Handelsschiffe spezialisiert.<\/p>\n<p>Reparaturen, Notfallumbauten und Modifikationen werden in unserer eigenen Werkstatt mit dem MRI durchgef\u00fchrt. Mit diesem Messwerterfassungsger\u00e4t sind wir einzigartig. Wir sind die einzigen in Europa, die diesen 3D-Messcomputer verwenden, um eine genaue und st\u00f6rungsfreie Schraube zu liefern.<\/p>\n<p>Diese Messmaschine misst nicht nur den Abstand. Sie ber\u00fccksichtigt auch die Steigung, die gegenseitige Schaufelh\u00f6he, die Spreizung der Schaufeln, die axiale Position, usw. Dies gibt Aufschluss dar\u00fcber, wo die Abweichungen liegen und wie stark sie von der Norm ISO 484 abweichen.<\/p>\n<p>Abweichungen wirken sich nicht nur auf Leistung und Verbrauch aus, sondern f\u00fchren auch zu induzierten Schwingungen, die Leistung absorbieren und Sch\u00e4den am Antriebsstrang verursachen. Zusammen mit unseren Schraubenberechnungen und dem MRT k\u00f6nnen Probleme erkannt und behoben werden. Nach dem Schleifen werden alle Schrauben mit doppelten Anti-Zink-Kanten versehen und ausgewuchtet.<\/p>\n\t\t\t\t\t\t\t\t<\/div>\n\t\t\t\t<\/div>\n\t\t\t\t\t<\/div>\n\t\t\t\t<\/div>\n\t\t\t\t<\/div>\n\t\t","protected":false},"excerpt":{"rendered":"<p>Haverstraat 69, Nieuw Vennep +31(0)252-684898 Propellerreparatur f\u00fcr Freizeit- und Handelsschiffe Kramer Marine Propellers ist auf die Reparatur, den Umbau und den Verkauf aller Arten von Schiffspropellern f\u00fcr Freizeit- und Handelsschiffe spezialisiert. Reparaturen, Notfallumbauten und Modifikationen werden in unserer eigenen Werkstatt mit dem MRI durchgef\u00fchrt. Mit diesem Messwerterfassungsger\u00e4t sind wir einzigartig. Wir sind die einzigen in [&hellip;]<\/p>\n","protected":false},"author":1,"featured_media":0,"parent":0,"menu_order":0,"comment_status":"closed","ping_status":"closed","template":"","meta":{"_seopress_robots_primary_cat":"","_seopress_titles_title":"","_seopress_titles_desc":"","_seopress_robots_index":"","site-sidebar-layout":"no-sidebar","site-content-layout":"page-builder","ast-site-content-layout":"full-width-container","site-content-style":"unboxed","site-sidebar-style":"unboxed","ast-global-header-display":"","ast-banner-title-visibility":"","ast-main-header-display":"","ast-hfb-above-header-display":"","ast-hfb-below-header-display":"","ast-hfb-mobile-header-display":"","site-post-title":"disabled","ast-breadcrumbs-content":"","ast-featured-img":"disabled","footer-sml-layout":"","ast-disable-related-posts":"","theme-transparent-header-meta":"default","adv-header-id-meta":"","stick-header-meta":"default","header-above-stick-meta":"","header-main-stick-meta":"","header-below-stick-meta":"","astra-migrate-meta-layouts":"default","ast-page-background-enabled":"default","ast-page-background-meta":{"desktop":{"background-color":"","background-image":"","background-repeat":"repeat","background-position":"center center","background-size":"auto","background-attachment":"scroll","background-type":"","background-media":"","overlay-type":"","overlay-color":"","overlay-opacity":"","overlay-gradient":""},"tablet":{"background-color":"","background-image":"","background-repeat":"repeat","background-position":"center center","background-size":"auto","background-attachment":"scroll","background-type":"","background-media":"","overlay-type":"","overlay-color":"","overlay-opacity":"","overlay-gradient":""},"mobile":{"background-color":"","background-image":"","background-repeat":"repeat","background-position":"center center","background-size":"auto","background-attachment":"scroll","background-type":"","background-media":"","overlay-type":"","overlay-color":"","overlay-opacity":"","overlay-gradient":""}},"ast-content-background-meta":{"desktop":{"background-color":"var(--ast-global-color-4)","background-image":"","background-repeat":"repeat","background-position":"center center","background-size":"auto","background-attachment":"scroll","background-type":"","background-media":"","overlay-type":"","overlay-color":"","overlay-opacity":"","overlay-gradient":""},"tablet":{"background-color":"var(--ast-global-color-4)","background-image":"","background-repeat":"repeat","background-position":"center center","background-size":"auto","background-attachment":"scroll","background-type":"","background-media":"","overlay-type":"","overlay-color":"","overlay-opacity":"","overlay-gradient":""},"mobile":{"background-color":"var(--ast-global-color-4)","background-image":"","background-repeat":"repeat","background-position":"center center","background-size":"auto","background-attachment":"scroll","background-type":"","background-media":"","overlay-type":"","overlay-color":"","overlay-opacity":"","overlay-gradient":""}},"footnotes":""},"class_list":["post-984","page","type-page","status-publish","hentry"],"_links":{"self":[{"href":"https:\/\/kramerschroeven.nl\/de\/wp-json\/wp\/v2\/pages\/984","targetHints":{"allow":["GET"]}}],"collection":[{"href":"https:\/\/kramerschroeven.nl\/de\/wp-json\/wp\/v2\/pages"}],"about":[{"href":"https:\/\/kramerschroeven.nl\/de\/wp-json\/wp\/v2\/types\/page"}],"author":[{"embeddable":true,"href":"https:\/\/kramerschroeven.nl\/de\/wp-json\/wp\/v2\/users\/1"}],"replies":[{"embeddable":true,"href":"https:\/\/kramerschroeven.nl\/de\/wp-json\/wp\/v2\/comments?post=984"}],"version-history":[{"count":0,"href":"https:\/\/kramerschroeven.nl\/de\/wp-json\/wp\/v2\/pages\/984\/revisions"}],"wp:attachment":[{"href":"https:\/\/kramerschroeven.nl\/de\/wp-json\/wp\/v2\/media?parent=984"}],"curies":[{"name":"wp","href":"https:\/\/api.w.org\/{rel}","templated":true}]}}