{"id":990,"date":"2024-04-13T12:12:54","date_gmt":"2024-04-13T10:12:54","guid":{"rendered":"https:\/\/schroeven.sierinkwp.nl\/mri-messungsaufnahmegeraet\/"},"modified":"2024-07-22T13:51:45","modified_gmt":"2024-07-22T11:51:45","slug":"mri-messungsaufnahmegeraet","status":"publish","type":"page","link":"https:\/\/kramerschroeven.nl\/de\/mri-messungsaufnahmegeraet\/","title":{"rendered":"MRI-Messungsaufnahmeger\u00e4t"},"content":{"rendered":"\t\t<div data-elementor-type=\"wp-page\" data-elementor-id=\"990\" class=\"elementor elementor-990 elementor-614\" data-elementor-post-type=\"page\">\n\t\t\t\t<div class=\"elementor-element elementor-element-7cdc6fa e-flex e-con-boxed e-con e-parent\" data-id=\"7cdc6fa\" data-element_type=\"container\" data-e-type=\"container\" data-settings=\"{&quot;background_background&quot;:&quot;classic&quot;}\">\n\t\t\t\t\t<div class=\"e-con-inner\">\n\t\t<div class=\"elementor-element elementor-element-eb13b17 e-con-full e-flex e-con e-child\" data-id=\"eb13b17\" data-element_type=\"container\" data-e-type=\"container\">\n\t\t\t\t<div class=\"elementor-element elementor-element-ffcb935 elementor-widget-divider--view-line elementor-widget elementor-widget-divider\" data-id=\"ffcb935\" data-element_type=\"widget\" data-e-type=\"widget\" data-widget_type=\"divider.default\">\n\t\t\t\t\t\t\t<div class=\"elementor-divider\">\n\t\t\t<span class=\"elementor-divider-separator\">\n\t\t\t\t\t\t<\/span>\n\t\t<\/div>\n\t\t\t\t\t\t<\/div>\n\t\t\t\t<\/div>\n\t\t\t\t\t<\/div>\n\t\t\t\t<\/div>\n\t\t<div class=\"elementor-element elementor-element-119f2f4 elementor-hidden-desktop elementor-hidden-tablet elementor-hidden-mobile e-flex e-con-boxed e-con e-parent\" data-id=\"119f2f4\" data-element_type=\"container\" data-e-type=\"container\">\n\t\t\t\t\t<div class=\"e-con-inner\">\n\t\t<div class=\"elementor-element elementor-element-26dd7ef e-con-full e-flex e-con e-child\" data-id=\"26dd7ef\" data-element_type=\"container\" data-e-type=\"container\">\n\t\t\t\t<\/div>\n\t\t<div class=\"elementor-element elementor-element-cd9739f e-con-full e-flex e-con e-child\" data-id=\"cd9739f\" data-element_type=\"container\" data-e-type=\"container\">\n\t\t<div class=\"elementor-element elementor-element-d7e7847 e-con-full e-flex e-con e-child\" data-id=\"d7e7847\" data-element_type=\"container\" data-e-type=\"container\" data-settings=\"{&quot;background_background&quot;:&quot;classic&quot;}\">\n\t\t\t\t<div class=\"elementor-element elementor-element-b37a655 elementor-widget elementor-widget-heading\" data-id=\"b37a655\" data-element_type=\"widget\" data-e-type=\"widget\" data-widget_type=\"heading.default\">\n\t\t\t\t\t<h4 class=\"elementor-heading-title elementor-size-default\">Haverstraat 69, Nieuw Vennep<\/h4>\t\t\t\t<\/div>\n\t\t\t\t<div class=\"elementor-element elementor-element-20252e8 elementor-widget elementor-widget-heading\" data-id=\"20252e8\" data-element_type=\"widget\" data-e-type=\"widget\" data-widget_type=\"heading.default\">\n\t\t\t\t\t<h3 class=\"elementor-heading-title elementor-size-default\"><a href=\"tel:+31252684898\">+31(0)252-684898<\/a><\/h3>\t\t\t\t<\/div>\n\t\t\t\t<\/div>\n\t\t\t\t<\/div>\n\t\t\t\t\t<\/div>\n\t\t\t\t<\/div>\n\t\t<div class=\"elementor-element elementor-element-953e9ac e-flex e-con-boxed e-con e-parent\" data-id=\"953e9ac\" data-element_type=\"container\" data-e-type=\"container\">\n\t\t\t\t\t<div class=\"e-con-inner\">\n\t\t<div class=\"elementor-element elementor-element-8814bb9 e-con-full e-flex e-con e-child\" data-id=\"8814bb9\" data-element_type=\"container\" data-e-type=\"container\">\n\t\t\t\t<div class=\"elementor-element elementor-element-7f4d4ec elementor-widget elementor-widget-heading\" data-id=\"7f4d4ec\" data-element_type=\"widget\" data-e-type=\"widget\" data-widget_type=\"heading.default\">\n\t\t\t\t\t<h3 class=\"elementor-heading-title elementor-size-default\">MRI (Messwertaufzeichnungsger\u00e4t)<\/h3>\t\t\t\t<\/div>\n\t\t\t\t<div class=\"elementor-element elementor-element-fbb6ee1 elementor-widget elementor-widget-text-editor\" data-id=\"fbb6ee1\" data-element_type=\"widget\" data-e-type=\"widget\" data-widget_type=\"text-editor.default\">\n\t\t\t\t\t\t\t\t\t<p>Die MRT ist eine hochwertige 3D-Messmethode. Die Messungen sind computergesteuert und daher sehr genau. Kramer ist das einzige Schraubenreparaturunternehmen in Europa, das diese spezielle Messmethode anwendet.<\/p>\n<p>Mit Hilfe der MRT sind wir in der Lage, Ihnen einen m\u00f6glichst genauen und problemlosen Propeller zu liefern. Das Ger\u00e4t stellt Steigung, Neigung (Blattverstellung), Blattverlauf, Blattspreizung, Blattdicke, W\u00f6lbung und Geometrie jedes Propellerblattes grafisch dar.Dar\u00fcber hinaus wird ermittelt, in welche Klasse der Propeller nach ISO 484\/2 f\u00e4llt.Die Klassen sind S , I , II und III, wobei die Klasse S die h\u00f6chste Qualit\u00e4t darstellt.<\/p>\n<p>Hochpr\u00e4zise Messungen erm\u00f6glichen es, Ihre Schraube in der gew\u00fcnschten Klasse zu restaurieren.<\/p>\n\t\t\t\t\t\t\t\t<\/div>\n\t\t\t\t<div class=\"elementor-element elementor-element-1c01d76 elementor-widget elementor-widget-heading\" data-id=\"1c01d76\" data-element_type=\"widget\" data-e-type=\"widget\" data-widget_type=\"heading.default\">\n\t\t\t\t\t<h4 class=\"elementor-heading-title elementor-size-default\">Probleme, die mit dem MRT erkannt werden k\u00f6nnen<\/h4>\t\t\t\t<\/div>\n\t\t\t\t<div class=\"elementor-element elementor-element-b89921b elementor-widget elementor-widget-text-editor\" data-id=\"b89921b\" data-element_type=\"widget\" data-e-type=\"widget\" data-widget_type=\"text-editor.default\">\n\t\t\t\t\t\t\t\t\t<ul>\n<li>L<strong>eistungsprobleme<\/strong>, die durch eine abnormale Steigung oder Blattfl\u00e4che verursacht werden (trotz Angabe auf dem Propeller selbst).<\/li>\n<li><strong><br \/>Vibrationen<\/strong>, die durch Variationen der Neigung und des Sturzes der einzelnen Bl\u00e4tter verursacht werden, werden erkannt.(also nicht nur Vibrationen, die durch statische oder dynamische Unwucht verursacht werden).Vibrationen sind st\u00f6rend, absorbieren Leistung und verursachen Sch\u00e4den am Antriebsstrang.<strong><\/strong><\/li>\n<li>K<strong>avitation<\/strong> Verursacht Erosion, L\u00e4rm und Vibrationen. Die Folge sind Sch\u00e4den an der Blattspitze, der Blattoberfl\u00e4che, der Propellernabe und dem Antriebsstrang, wie z. B. den Lagern, was sich letztlich auf die Gesamteffizienz und Leistung des Propellers auswirkt.<\/li>\n<\/ul>\n\t\t\t\t\t\t\t\t<\/div>\n\t\t\t\t<div class=\"elementor-element elementor-element-1a496ee elementor-widget elementor-widget-heading\" data-id=\"1a496ee\" data-element_type=\"widget\" data-e-type=\"widget\" data-widget_type=\"heading.default\">\n\t\t\t\t\t<h4 class=\"elementor-heading-title elementor-size-default\">Die Vorteile einer mittels MRT analysierten Schraube sind<\/h4>\t\t\t\t<\/div>\n\t\t\t\t<div class=\"elementor-element elementor-element-e2a87cf elementor-widget elementor-widget-text-editor\" data-id=\"e2a87cf\" data-element_type=\"widget\" data-e-type=\"widget\" data-widget_type=\"text-editor.default\">\n\t\t\t\t\t\t\t\t\t<ul>\n<li>G<strong>eschwindigkeitssteigerung<\/strong> Da alle Bl\u00e4tter nach der Reparatur und der \u00dcberpr\u00fcfung mit dem MRT-Ger\u00e4t genau gleich sind, funktioniert der Propeller besser als zuvor, was die H\u00f6chstgeschwindigkeit erh\u00f6ht.<\/li>\n<li>Der <strong>Kraftstoffverbrauch<\/strong> wird in eine g\u00fcnstige Richtung beeinflusst.Der Unterschied im Verbrauch zwischen Klasse I und Klasse III kann bis zu 10 % betragen, was letztendlich Ihrem Geldbeutel und der Umwelt durch geringere Emissionen zugute kommt.<\/li>\n<li>K<strong>opieren von Schraubendaten<\/strong> Kann f\u00fcr mehrere Schrauben w\u00fcnschenswert sein. Das bedeutet, dass die linke und die rechte Schraube nach der Reparatur die gleiche Leistung erbringen. Au\u00dferdem kann jedes beliebige Klingenprofil programmiert werden, um spezifische Anforderungen zu erf\u00fcllen.<\/li>\n<\/ul>\n\t\t\t\t\t\t\t\t<\/div>\n\t\t\t\t<div class=\"elementor-element elementor-element-63cc88c elementor-widget elementor-widget-text-editor\" data-id=\"63cc88c\" data-element_type=\"widget\" data-e-type=\"widget\" data-widget_type=\"text-editor.default\">\n\t\t\t\t\t\t\t\t\t<p>Die Propellerdaten jedes Propellers werden gespeichert, so dass auch in Zukunft der Propeller wieder so hergestellt werden kann wie zuvor. Auf Wunsch erhalten Sie einen gedruckten Bericht \u00fcber die Messergebnisse vor und nach der Reparatur.<\/p>\n\t\t\t\t\t\t\t\t<\/div>\n\t\t\t\t<\/div>\n\t\t\t\t\t<\/div>\n\t\t\t\t<\/div>\n\t\t\t\t<\/div>\n\t\t","protected":false},"excerpt":{"rendered":"<p>Haverstraat 69, Nieuw Vennep +31(0)252-684898 MRI (Messwertaufzeichnungsger\u00e4t) Die MRT ist eine hochwertige 3D-Messmethode. Die Messungen sind computergesteuert und daher sehr genau. Kramer ist das einzige Schraubenreparaturunternehmen in Europa, das diese spezielle Messmethode anwendet. Mit Hilfe der MRT sind wir in der Lage, Ihnen einen m\u00f6glichst genauen und problemlosen Propeller zu liefern. Das Ger\u00e4t stellt Steigung, [&hellip;]<\/p>\n","protected":false},"author":1,"featured_media":0,"parent":0,"menu_order":0,"comment_status":"closed","ping_status":"closed","template":"","meta":{"_seopress_robots_primary_cat":"","_seopress_titles_title":"","_seopress_titles_desc":"","_seopress_robots_index":"","site-sidebar-layout":"no-sidebar","site-content-layout":"page-builder","ast-site-content-layout":"full-width-container","site-content-style":"default","site-sidebar-style":"default","ast-global-header-display":"","ast-banner-title-visibility":"","ast-main-header-display":"","ast-hfb-above-header-display":"","ast-hfb-below-header-display":"","ast-hfb-mobile-header-display":"","site-post-title":"disabled","ast-breadcrumbs-content":"","ast-featured-img":"disabled","footer-sml-layout":"","ast-disable-related-posts":"","theme-transparent-header-meta":"","adv-header-id-meta":"","stick-header-meta":"","header-above-stick-meta":"","header-main-stick-meta":"","header-below-stick-meta":"","astra-migrate-meta-layouts":"default","ast-page-background-enabled":"default","ast-page-background-meta":{"desktop":{"background-color":"","background-image":"","background-repeat":"repeat","background-position":"center center","background-size":"auto","background-attachment":"scroll","background-type":"","background-media":"","overlay-type":"","overlay-color":"","overlay-opacity":"","overlay-gradient":""},"tablet":{"background-color":"","background-image":"","background-repeat":"repeat","background-position":"center center","background-size":"auto","background-attachment":"scroll","background-type":"","background-media":"","overlay-type":"","overlay-color":"","overlay-opacity":"","overlay-gradient":""},"mobile":{"background-color":"","background-image":"","background-repeat":"repeat","background-position":"center center","background-size":"auto","background-attachment":"scroll","background-type":"","background-media":"","overlay-type":"","overlay-color":"","overlay-opacity":"","overlay-gradient":""}},"ast-content-background-meta":{"desktop":{"background-color":"var(--ast-global-color-4)","background-image":"","background-repeat":"repeat","background-position":"center center","background-size":"auto","background-attachment":"scroll","background-type":"","background-media":"","overlay-type":"","overlay-color":"","overlay-opacity":"","overlay-gradient":""},"tablet":{"background-color":"var(--ast-global-color-4)","background-image":"","background-repeat":"repeat","background-position":"center center","background-size":"auto","background-attachment":"scroll","background-type":"","background-media":"","overlay-type":"","overlay-color":"","overlay-opacity":"","overlay-gradient":""},"mobile":{"background-color":"var(--ast-global-color-4)","background-image":"","background-repeat":"repeat","background-position":"center center","background-size":"auto","background-attachment":"scroll","background-type":"","background-media":"","overlay-type":"","overlay-color":"","overlay-opacity":"","overlay-gradient":""}},"footnotes":""},"class_list":["post-990","page","type-page","status-publish","hentry"],"_links":{"self":[{"href":"https:\/\/kramerschroeven.nl\/de\/wp-json\/wp\/v2\/pages\/990","targetHints":{"allow":["GET"]}}],"collection":[{"href":"https:\/\/kramerschroeven.nl\/de\/wp-json\/wp\/v2\/pages"}],"about":[{"href":"https:\/\/kramerschroeven.nl\/de\/wp-json\/wp\/v2\/types\/page"}],"author":[{"embeddable":true,"href":"https:\/\/kramerschroeven.nl\/de\/wp-json\/wp\/v2\/users\/1"}],"replies":[{"embeddable":true,"href":"https:\/\/kramerschroeven.nl\/de\/wp-json\/wp\/v2\/comments?post=990"}],"version-history":[{"count":0,"href":"https:\/\/kramerschroeven.nl\/de\/wp-json\/wp\/v2\/pages\/990\/revisions"}],"wp:attachment":[{"href":"https:\/\/kramerschroeven.nl\/de\/wp-json\/wp\/v2\/media?parent=990"}],"curies":[{"name":"wp","href":"https:\/\/api.w.org\/{rel}","templated":true}]}}