{"id":975,"date":"2019-04-08T19:20:32","date_gmt":"2019-04-08T17:20:32","guid":{"rendered":"https:\/\/schroeven.sierinkwp.nl\/reparation-dhelices-de-navires\/"},"modified":"2024-07-22T13:51:42","modified_gmt":"2024-07-22T11:51:42","slug":"reparation-dhelices-de-navires","status":"publish","type":"page","link":"https:\/\/kramerschroeven.nl\/fr\/reparation-dhelices-de-navires\/","title":{"rendered":"R\u00e9paration d&rsquo;h\u00e9lices de navires"},"content":{"rendered":"\t\t<div data-elementor-type=\"wp-post\" data-elementor-id=\"975\" class=\"elementor elementor-975 elementor-8\" data-elementor-post-type=\"page\">\n\t\t\t\t<div class=\"elementor-element elementor-element-fc2c48e e-flex e-con-boxed e-con e-parent\" data-id=\"fc2c48e\" data-element_type=\"container\" data-e-type=\"container\" data-settings=\"{&quot;background_background&quot;:&quot;classic&quot;}\">\n\t\t\t\t\t<div class=\"e-con-inner\">\n\t\t<div class=\"elementor-element elementor-element-731ecc9 e-con-full e-flex e-con e-child\" data-id=\"731ecc9\" data-element_type=\"container\" data-e-type=\"container\">\n\t\t\t\t<div class=\"elementor-element elementor-element-1f8bb06 elementor-widget-divider--view-line elementor-widget elementor-widget-divider\" data-id=\"1f8bb06\" data-element_type=\"widget\" data-e-type=\"widget\" data-widget_type=\"divider.default\">\n\t\t\t\t\t\t\t<div class=\"elementor-divider\">\n\t\t\t<span class=\"elementor-divider-separator\">\n\t\t\t\t\t\t<\/span>\n\t\t<\/div>\n\t\t\t\t\t\t<\/div>\n\t\t\t\t<\/div>\n\t\t\t\t\t<\/div>\n\t\t\t\t<\/div>\n\t\t<div class=\"elementor-element elementor-element-8e4a30b elementor-hidden-desktop elementor-hidden-tablet elementor-hidden-mobile e-flex e-con-boxed e-con e-parent\" data-id=\"8e4a30b\" data-element_type=\"container\" data-e-type=\"container\">\n\t\t\t\t\t<div class=\"e-con-inner\">\n\t\t<div class=\"elementor-element elementor-element-bad7a14 e-con-full e-flex e-con e-child\" data-id=\"bad7a14\" data-element_type=\"container\" data-e-type=\"container\">\n\t\t\t\t<\/div>\n\t\t<div class=\"elementor-element elementor-element-903fc54 e-con-full e-flex e-con e-child\" data-id=\"903fc54\" data-element_type=\"container\" data-e-type=\"container\">\n\t\t<div class=\"elementor-element elementor-element-371bc83 e-con-full e-flex e-con e-child\" data-id=\"371bc83\" data-element_type=\"container\" data-e-type=\"container\" data-settings=\"{&quot;background_background&quot;:&quot;classic&quot;}\">\n\t\t\t\t<div class=\"elementor-element elementor-element-2345ab0 elementor-widget elementor-widget-heading\" data-id=\"2345ab0\" data-element_type=\"widget\" data-e-type=\"widget\" data-widget_type=\"heading.default\">\n\t\t\t\t\t<h4 class=\"elementor-heading-title elementor-size-default\">Haverstraat 69, Nieuw Vennep<\/h4>\t\t\t\t<\/div>\n\t\t\t\t<div class=\"elementor-element elementor-element-f57915c elementor-widget elementor-widget-heading\" data-id=\"f57915c\" data-element_type=\"widget\" data-e-type=\"widget\" data-widget_type=\"heading.default\">\n\t\t\t\t\t<h3 class=\"elementor-heading-title elementor-size-default\"><a href=\"tel:+31252684898\">+31(0)252-684898<\/a><\/h3>\t\t\t\t<\/div>\n\t\t\t\t<\/div>\n\t\t\t\t<\/div>\n\t\t\t\t\t<\/div>\n\t\t\t\t<\/div>\n\t\t<div class=\"elementor-element elementor-element-50d8d0f e-flex e-con-boxed e-con e-parent\" data-id=\"50d8d0f\" data-element_type=\"container\" data-e-type=\"container\">\n\t\t\t\t\t<div class=\"e-con-inner\">\n\t\t<div class=\"elementor-element elementor-element-3cac546 e-con-full e-flex e-con e-child\" data-id=\"3cac546\" data-element_type=\"container\" data-e-type=\"container\">\n\t\t\t\t<div class=\"elementor-element elementor-element-ffea0d1 elementor-widget elementor-widget-heading\" data-id=\"ffea0d1\" data-element_type=\"widget\" data-e-type=\"widget\" data-widget_type=\"heading.default\">\n\t\t\t\t\t<h3 class=\"elementor-heading-title elementor-size-default\">R\u00e9paration d'h\u00e9lices pour navires de plaisance et commerciaux<\/h3>\t\t\t\t<\/div>\n\t\t\t\t<div class=\"elementor-element elementor-element-54173c0 elementor-widget elementor-widget-text-editor\" data-id=\"54173c0\" data-element_type=\"widget\" data-e-type=\"widget\" data-widget_type=\"text-editor.default\">\n\t\t\t\t\t\t\t\t\t<p>Kramer Marine Propellers est sp\u00e9cialis\u00e9 dans la r\u00e9paration, la modification et la vente de tous les types d&rsquo;h\u00e9lices marines pour les bateaux de plaisance et les navires commerciaux.<\/p>\n<p>Les r\u00e9parations, les modifications d&rsquo;urgence et les modifications sont effectu\u00e9es dans notre propre atelier \u00e0 l&rsquo;aide de l&rsquo;IRM. Avec cet instrument d&rsquo;enregistrement des mesures, nous sommes uniques. Nous sommes les seuls en Europe \u00e0 utiliser cet ordinateur de mesure 3D pour fournir une vis pr\u00e9cise et sans probl\u00e8me.<\/p>\n<p>Cette machine \u00e0 mesurer ne se contente pas de mesurer le pas. Il prend \u00e9galement en compte le gradient de pas, la hauteur mutuelle des pales, l&rsquo;\u00e9cartement des pales, la position axiale, etc. Cela permet de savoir o\u00f9 se situent les \u00e9carts et dans quelle mesure ils s&rsquo;\u00e9cartent des normes ISO 484.<\/p>\n<p>Les \u00e9carts n&rsquo;affectent pas seulement les performances et la consommation, mais entra\u00eenent \u00e9galement des vibrations induites qui absorbent la puissance et endommagent le groupe motopropulseur. Gr\u00e2ce \u00e0 nos calculs de vis et \u00e0 l&rsquo;IRM, les probl\u00e8mes peuvent \u00eatre d\u00e9tect\u00e9s et r\u00e9solus. Apr\u00e8s rectification, toutes les vis sont munies d&rsquo;une double ar\u00eate anti-zinc et \u00e9quilibr\u00e9es.<\/p>\n\t\t\t\t\t\t\t\t<\/div>\n\t\t\t\t<\/div>\n\t\t\t\t\t<\/div>\n\t\t\t\t<\/div>\n\t\t\t\t<\/div>\n\t\t","protected":false},"excerpt":{"rendered":"<p>Haverstraat 69, Nieuw Vennep +31(0)252-684898 R\u00e9paration d&rsquo;h\u00e9lices pour navires de plaisance et commerciaux Kramer Marine Propellers est sp\u00e9cialis\u00e9 dans la r\u00e9paration, la modification et la vente de tous les types d&rsquo;h\u00e9lices marines pour les bateaux de plaisance et les navires commerciaux. Les r\u00e9parations, les modifications d&rsquo;urgence et les modifications sont effectu\u00e9es dans notre propre atelier [&hellip;]<\/p>\n","protected":false},"author":1,"featured_media":0,"parent":0,"menu_order":0,"comment_status":"closed","ping_status":"closed","template":"","meta":{"_seopress_robots_primary_cat":"","_seopress_titles_title":"","_seopress_titles_desc":"","_seopress_robots_index":"","site-sidebar-layout":"no-sidebar","site-content-layout":"page-builder","ast-site-content-layout":"full-width-container","site-content-style":"unboxed","site-sidebar-style":"unboxed","ast-global-header-display":"","ast-banner-title-visibility":"","ast-main-header-display":"","ast-hfb-above-header-display":"","ast-hfb-below-header-display":"","ast-hfb-mobile-header-display":"","site-post-title":"disabled","ast-breadcrumbs-content":"","ast-featured-img":"disabled","footer-sml-layout":"","ast-disable-related-posts":"","theme-transparent-header-meta":"default","adv-header-id-meta":"","stick-header-meta":"default","header-above-stick-meta":"","header-main-stick-meta":"","header-below-stick-meta":"","astra-migrate-meta-layouts":"default","ast-page-background-enabled":"default","ast-page-background-meta":{"desktop":{"background-color":"","background-image":"","background-repeat":"repeat","background-position":"center center","background-size":"auto","background-attachment":"scroll","background-type":"","background-media":"","overlay-type":"","overlay-color":"","overlay-opacity":"","overlay-gradient":""},"tablet":{"background-color":"","background-image":"","background-repeat":"repeat","background-position":"center center","background-size":"auto","background-attachment":"scroll","background-type":"","background-media":"","overlay-type":"","overlay-color":"","overlay-opacity":"","overlay-gradient":""},"mobile":{"background-color":"","background-image":"","background-repeat":"repeat","background-position":"center center","background-size":"auto","background-attachment":"scroll","background-type":"","background-media":"","overlay-type":"","overlay-color":"","overlay-opacity":"","overlay-gradient":""}},"ast-content-background-meta":{"desktop":{"background-color":"var(--ast-global-color-4)","background-image":"","background-repeat":"repeat","background-position":"center center","background-size":"auto","background-attachment":"scroll","background-type":"","background-media":"","overlay-type":"","overlay-color":"","overlay-opacity":"","overlay-gradient":""},"tablet":{"background-color":"var(--ast-global-color-4)","background-image":"","background-repeat":"repeat","background-position":"center center","background-size":"auto","background-attachment":"scroll","background-type":"","background-media":"","overlay-type":"","overlay-color":"","overlay-opacity":"","overlay-gradient":""},"mobile":{"background-color":"var(--ast-global-color-4)","background-image":"","background-repeat":"repeat","background-position":"center center","background-size":"auto","background-attachment":"scroll","background-type":"","background-media":"","overlay-type":"","overlay-color":"","overlay-opacity":"","overlay-gradient":""}},"footnotes":""},"class_list":["post-975","page","type-page","status-publish","hentry"],"_links":{"self":[{"href":"https:\/\/kramerschroeven.nl\/fr\/wp-json\/wp\/v2\/pages\/975","targetHints":{"allow":["GET"]}}],"collection":[{"href":"https:\/\/kramerschroeven.nl\/fr\/wp-json\/wp\/v2\/pages"}],"about":[{"href":"https:\/\/kramerschroeven.nl\/fr\/wp-json\/wp\/v2\/types\/page"}],"author":[{"embeddable":true,"href":"https:\/\/kramerschroeven.nl\/fr\/wp-json\/wp\/v2\/users\/1"}],"replies":[{"embeddable":true,"href":"https:\/\/kramerschroeven.nl\/fr\/wp-json\/wp\/v2\/comments?post=975"}],"version-history":[{"count":0,"href":"https:\/\/kramerschroeven.nl\/fr\/wp-json\/wp\/v2\/pages\/975\/revisions"}],"wp:attachment":[{"href":"https:\/\/kramerschroeven.nl\/fr\/wp-json\/wp\/v2\/media?parent=975"}],"curies":[{"name":"wp","href":"https:\/\/api.w.org\/{rel}","templated":true}]}}