{"id":995,"date":"2024-04-13T12:12:54","date_gmt":"2024-04-13T10:12:54","guid":{"rendered":"https:\/\/schroeven.sierinkwp.nl\/instrument-denregistrement-des-mesures-irm\/"},"modified":"2024-07-22T13:51:45","modified_gmt":"2024-07-22T11:51:45","slug":"instrument-denregistrement-des-mesures-irm","status":"publish","type":"page","link":"https:\/\/kramerschroeven.nl\/fr\/instrument-denregistrement-des-mesures-irm\/","title":{"rendered":"Instrument d&rsquo;enregistrement des mesures IRM"},"content":{"rendered":"\t\t<div data-elementor-type=\"wp-page\" data-elementor-id=\"995\" class=\"elementor elementor-995 elementor-614\" data-elementor-post-type=\"page\">\n\t\t\t\t<div class=\"elementor-element elementor-element-7cdc6fa e-flex e-con-boxed e-con e-parent\" data-id=\"7cdc6fa\" data-element_type=\"container\" data-e-type=\"container\" data-settings=\"{&quot;background_background&quot;:&quot;classic&quot;}\">\n\t\t\t\t\t<div class=\"e-con-inner\">\n\t\t<div class=\"elementor-element elementor-element-eb13b17 e-con-full e-flex e-con e-child\" data-id=\"eb13b17\" data-element_type=\"container\" data-e-type=\"container\">\n\t\t\t\t<div class=\"elementor-element elementor-element-ffcb935 elementor-widget-divider--view-line elementor-widget elementor-widget-divider\" data-id=\"ffcb935\" data-element_type=\"widget\" data-e-type=\"widget\" data-widget_type=\"divider.default\">\n\t\t\t\t\t\t\t<div class=\"elementor-divider\">\n\t\t\t<span class=\"elementor-divider-separator\">\n\t\t\t\t\t\t<\/span>\n\t\t<\/div>\n\t\t\t\t\t\t<\/div>\n\t\t\t\t<\/div>\n\t\t\t\t\t<\/div>\n\t\t\t\t<\/div>\n\t\t<div class=\"elementor-element elementor-element-119f2f4 elementor-hidden-desktop elementor-hidden-tablet elementor-hidden-mobile e-flex e-con-boxed e-con e-parent\" data-id=\"119f2f4\" data-element_type=\"container\" data-e-type=\"container\">\n\t\t\t\t\t<div class=\"e-con-inner\">\n\t\t<div class=\"elementor-element elementor-element-26dd7ef e-con-full e-flex e-con e-child\" data-id=\"26dd7ef\" data-element_type=\"container\" data-e-type=\"container\">\n\t\t\t\t<\/div>\n\t\t<div class=\"elementor-element elementor-element-cd9739f e-con-full e-flex e-con e-child\" data-id=\"cd9739f\" data-element_type=\"container\" data-e-type=\"container\">\n\t\t<div class=\"elementor-element elementor-element-d7e7847 e-con-full e-flex e-con e-child\" data-id=\"d7e7847\" data-element_type=\"container\" data-e-type=\"container\" data-settings=\"{&quot;background_background&quot;:&quot;classic&quot;}\">\n\t\t\t\t<div class=\"elementor-element elementor-element-b37a655 elementor-widget elementor-widget-heading\" data-id=\"b37a655\" data-element_type=\"widget\" data-e-type=\"widget\" data-widget_type=\"heading.default\">\n\t\t\t\t\t<h4 class=\"elementor-heading-title elementor-size-default\">Haverstraat 69, Nieuw Vennep<\/h4>\t\t\t\t<\/div>\n\t\t\t\t<div class=\"elementor-element elementor-element-20252e8 elementor-widget elementor-widget-heading\" data-id=\"20252e8\" data-element_type=\"widget\" data-e-type=\"widget\" data-widget_type=\"heading.default\">\n\t\t\t\t\t<h3 class=\"elementor-heading-title elementor-size-default\"><a href=\"tel:+31252684898\">+31(0)252-684898<\/a><\/h3>\t\t\t\t<\/div>\n\t\t\t\t<\/div>\n\t\t\t\t<\/div>\n\t\t\t\t\t<\/div>\n\t\t\t\t<\/div>\n\t\t<div class=\"elementor-element elementor-element-953e9ac e-flex e-con-boxed e-con e-parent\" data-id=\"953e9ac\" data-element_type=\"container\" data-e-type=\"container\">\n\t\t\t\t\t<div class=\"e-con-inner\">\n\t\t<div class=\"elementor-element elementor-element-8814bb9 e-con-full e-flex e-con e-child\" data-id=\"8814bb9\" data-element_type=\"container\" data-e-type=\"container\">\n\t\t\t\t<div class=\"elementor-element elementor-element-7f4d4ec elementor-widget elementor-widget-heading\" data-id=\"7f4d4ec\" data-element_type=\"widget\" data-e-type=\"widget\" data-widget_type=\"heading.default\">\n\t\t\t\t\t<h3 class=\"elementor-heading-title elementor-size-default\">IRM (Instrument d'enregistrement des mesures)<\/h3>\t\t\t\t<\/div>\n\t\t\t\t<div class=\"elementor-element elementor-element-fbb6ee1 elementor-widget elementor-widget-text-editor\" data-id=\"fbb6ee1\" data-element_type=\"widget\" data-e-type=\"widget\" data-widget_type=\"text-editor.default\">\n\t\t\t\t\t\t\t\t\t<p>L&rsquo;IRM est une m\u00e9thode de mesure 3D de haute qualit\u00e9. Les mesures sont contr\u00f4l\u00e9es par ordinateur et sont donc tr\u00e8s pr\u00e9cises. Kramer est la seule entreprise de r\u00e9paration de vis en Europe \u00e0 utiliser cette m\u00e9thode de mesure sp\u00e9cialis\u00e9e.<\/p>\n<p>Gr\u00e2ce \u00e0 l&rsquo;IRM, nous sommes en mesure de vous fournir l&rsquo;h\u00e9lice la plus pr\u00e9cise et la plus fiable possible. La machine affiche graphiquement le pas, l&rsquo;inclinaison (pas des pales), la trajectoire des pales, l&rsquo;\u00e9cartement des pales, l&rsquo;\u00e9paisseur des pales, la cambrure et la g\u00e9om\u00e9trie de chaque pale de l&rsquo;h\u00e9lice.En outre, elle d\u00e9termine la classe de l&rsquo;h\u00e9lice selon la norme ISO 484\/2.Les classes sont S, I, II et III, la classe S correspondant \u00e0 la qualit\u00e9 la plus \u00e9lev\u00e9e.<\/p>\n<p>Des mesures tr\u00e8s pr\u00e9cises permettent de restaurer votre vis dans la classe souhait\u00e9e.<\/p>\n\t\t\t\t\t\t\t\t<\/div>\n\t\t\t\t<div class=\"elementor-element elementor-element-1c01d76 elementor-widget elementor-widget-heading\" data-id=\"1c01d76\" data-element_type=\"widget\" data-e-type=\"widget\" data-widget_type=\"heading.default\">\n\t\t\t\t\t<h4 class=\"elementor-heading-title elementor-size-default\">Probl\u00e8mes pouvant \u00eatre d\u00e9tect\u00e9s par l'IRM<\/h4>\t\t\t\t<\/div>\n\t\t\t\t<div class=\"elementor-element elementor-element-b89921b elementor-widget elementor-widget-text-editor\" data-id=\"b89921b\" data-element_type=\"widget\" data-e-type=\"widget\" data-widget_type=\"text-editor.default\">\n\t\t\t\t\t\t\t\t\t<ul>\n<li>P<strong>robl\u00e8mes de performance<\/strong> Caus\u00e9s par un pas ou une surface de pale anormale (malgr\u00e9 l&rsquo;indication sur l&rsquo;h\u00e9lice elle-m\u00eame).<\/li>\n<li><strong><br \/>Les<\/strong><strong>vibrations<\/strong>induites par les variations de pas et de cambrure de chaque pale sont d\u00e9tect\u00e9es.(donc pas seulement les vibrations caus\u00e9es par un d\u00e9s\u00e9quilibre statique ou dynamique).Les vibrations sont perturbatrices, absorbent de la puissance et endommagent la cha\u00eene cin\u00e9matique.<strong><\/strong><\/li>\n<li>La <strong>cavitation<\/strong> provoque l&rsquo;\u00e9rosion, le bruit et les vibrations. Il en r\u00e9sulte des dommages \u00e0 l&rsquo;extr\u00e9mit\u00e9 de la pale, \u00e0 la surface de la pale, au moyeu de l&rsquo;h\u00e9lice et au syst\u00e8me d&rsquo;entra\u00eenement tel que les roulements, ce qui affecte en fin de compte l&rsquo;efficacit\u00e9 et les performances globales de l&rsquo;h\u00e9lice.<\/li>\n<\/ul>\n\t\t\t\t\t\t\t\t<\/div>\n\t\t\t\t<div class=\"elementor-element elementor-element-1a496ee elementor-widget elementor-widget-heading\" data-id=\"1a496ee\" data-element_type=\"widget\" data-e-type=\"widget\" data-widget_type=\"heading.default\">\n\t\t\t\t\t<h4 class=\"elementor-heading-title elementor-size-default\">Les avantages d'une vis analys\u00e9e par IRM sont les suivants<\/h4>\t\t\t\t<\/div>\n\t\t\t\t<div class=\"elementor-element elementor-element-e2a87cf elementor-widget elementor-widget-text-editor\" data-id=\"e2a87cf\" data-element_type=\"widget\" data-e-type=\"widget\" data-widget_type=\"text-editor.default\">\n\t\t\t\t\t\t\t\t\t<ul>\n<li>A<strong>ugmentation de la vitesse<\/strong> Parce que toutes les pales sont exactement les m\u00eames apr\u00e8s r\u00e9paration et v\u00e9rification avec la machine IRM, l&rsquo;h\u00e9lice est plus performante qu&rsquo;avant, ce qui augmente la vitesse de pointe.<\/li>\n<li>La <strong>consommation de carburant<\/strong> est influenc\u00e9e dans le bon sens.La diff\u00e9rence de consommation entre la classe I et la classe III peut atteindre 10 %, ce qui, en fin de compte, profite \u00e0 votre portefeuille et \u00e0 l&rsquo;environnement gr\u00e2ce \u00e0 la r\u00e9duction des \u00e9missions.<\/li>\n<li>C<strong>opie des donn\u00e9es de la vis<\/strong> Il peut \u00eatre souhaitable de<strong>copier<\/strong> plusieurs vis. Cela signifie que la vis du gaucher et celle du droitier ont les m\u00eames performances apr\u00e8s la r\u00e9paration. Tout profil de lame peut \u00e9galement \u00eatre programm\u00e9 pour r\u00e9pondre \u00e0 des exigences sp\u00e9cifiques.<\/li>\n<\/ul>\n\t\t\t\t\t\t\t\t<\/div>\n\t\t\t\t<div class=\"elementor-element elementor-element-63cc88c elementor-widget elementor-widget-text-editor\" data-id=\"63cc88c\" data-element_type=\"widget\" data-e-type=\"widget\" data-widget_type=\"text-editor.default\">\n\t\t\t\t\t\t\t\t\t<p>Les donn\u00e9es de chaque h\u00e9lice sont stock\u00e9es de mani\u00e8re \u00e0 ce que l&rsquo;h\u00e9lice puisse \u00eatre restaur\u00e9e \u00e0 l&rsquo;identique dans le futur. Si n\u00e9cessaire, vous recevrez un rapport imprim\u00e9 des r\u00e9sultats des mesures avant et apr\u00e8s la r\u00e9paration.<\/p>\n\t\t\t\t\t\t\t\t<\/div>\n\t\t\t\t<\/div>\n\t\t\t\t\t<\/div>\n\t\t\t\t<\/div>\n\t\t\t\t<\/div>\n\t\t","protected":false},"excerpt":{"rendered":"<p>Haverstraat 69, Nieuw Vennep +31(0)252-684898 IRM (Instrument d&rsquo;enregistrement des mesures) L&rsquo;IRM est une m\u00e9thode de mesure 3D de haute qualit\u00e9. Les mesures sont contr\u00f4l\u00e9es par ordinateur et sont donc tr\u00e8s pr\u00e9cises. Kramer est la seule entreprise de r\u00e9paration de vis en Europe \u00e0 utiliser cette m\u00e9thode de mesure sp\u00e9cialis\u00e9e. Gr\u00e2ce \u00e0 l&rsquo;IRM, nous sommes en [&hellip;]<\/p>\n","protected":false},"author":1,"featured_media":0,"parent":0,"menu_order":0,"comment_status":"closed","ping_status":"closed","template":"","meta":{"_seopress_robots_primary_cat":"","_seopress_titles_title":"","_seopress_titles_desc":"","_seopress_robots_index":"","site-sidebar-layout":"no-sidebar","site-content-layout":"page-builder","ast-site-content-layout":"full-width-container","site-content-style":"default","site-sidebar-style":"default","ast-global-header-display":"","ast-banner-title-visibility":"","ast-main-header-display":"","ast-hfb-above-header-display":"","ast-hfb-below-header-display":"","ast-hfb-mobile-header-display":"","site-post-title":"disabled","ast-breadcrumbs-content":"","ast-featured-img":"disabled","footer-sml-layout":"","ast-disable-related-posts":"","theme-transparent-header-meta":"","adv-header-id-meta":"","stick-header-meta":"","header-above-stick-meta":"","header-main-stick-meta":"","header-below-stick-meta":"","astra-migrate-meta-layouts":"default","ast-page-background-enabled":"default","ast-page-background-meta":{"desktop":{"background-color":"","background-image":"","background-repeat":"repeat","background-position":"center center","background-size":"auto","background-attachment":"scroll","background-type":"","background-media":"","overlay-type":"","overlay-color":"","overlay-opacity":"","overlay-gradient":""},"tablet":{"background-color":"","background-image":"","background-repeat":"repeat","background-position":"center center","background-size":"auto","background-attachment":"scroll","background-type":"","background-media":"","overlay-type":"","overlay-color":"","overlay-opacity":"","overlay-gradient":""},"mobile":{"background-color":"","background-image":"","background-repeat":"repeat","background-position":"center center","background-size":"auto","background-attachment":"scroll","background-type":"","background-media":"","overlay-type":"","overlay-color":"","overlay-opacity":"","overlay-gradient":""}},"ast-content-background-meta":{"desktop":{"background-color":"var(--ast-global-color-4)","background-image":"","background-repeat":"repeat","background-position":"center center","background-size":"auto","background-attachment":"scroll","background-type":"","background-media":"","overlay-type":"","overlay-color":"","overlay-opacity":"","overlay-gradient":""},"tablet":{"background-color":"var(--ast-global-color-4)","background-image":"","background-repeat":"repeat","background-position":"center center","background-size":"auto","background-attachment":"scroll","background-type":"","background-media":"","overlay-type":"","overlay-color":"","overlay-opacity":"","overlay-gradient":""},"mobile":{"background-color":"var(--ast-global-color-4)","background-image":"","background-repeat":"repeat","background-position":"center center","background-size":"auto","background-attachment":"scroll","background-type":"","background-media":"","overlay-type":"","overlay-color":"","overlay-opacity":"","overlay-gradient":""}},"footnotes":""},"class_list":["post-995","page","type-page","status-publish","hentry"],"_links":{"self":[{"href":"https:\/\/kramerschroeven.nl\/fr\/wp-json\/wp\/v2\/pages\/995","targetHints":{"allow":["GET"]}}],"collection":[{"href":"https:\/\/kramerschroeven.nl\/fr\/wp-json\/wp\/v2\/pages"}],"about":[{"href":"https:\/\/kramerschroeven.nl\/fr\/wp-json\/wp\/v2\/types\/page"}],"author":[{"embeddable":true,"href":"https:\/\/kramerschroeven.nl\/fr\/wp-json\/wp\/v2\/users\/1"}],"replies":[{"embeddable":true,"href":"https:\/\/kramerschroeven.nl\/fr\/wp-json\/wp\/v2\/comments?post=995"}],"version-history":[{"count":0,"href":"https:\/\/kramerschroeven.nl\/fr\/wp-json\/wp\/v2\/pages\/995\/revisions"}],"wp:attachment":[{"href":"https:\/\/kramerschroeven.nl\/fr\/wp-json\/wp\/v2\/media?parent=995"}],"curies":[{"name":"wp","href":"https:\/\/api.w.org\/{rel}","templated":true}]}}